{"id":117,"date":"2020-12-29T18:25:15","date_gmt":"2020-12-29T18:25:15","guid":{"rendered":"https:\/\/avmpburgos.ddns.net\/avmpburgos\/?page_id=117"},"modified":"2026-02-07T05:44:03","modified_gmt":"2026-02-07T05:44:03","slug":"normativa","status":"publish","type":"page","link":"https:\/\/avmpburgos.ddns.net\/avmpburgos\/index.php\/normativa\/","title":{"rendered":"NORMATIVA"},"content":{"rendered":"\n<p>Aqu\u00ed se recoge lo que tenemos que cumplir (sino queremos ser sancionados por la administraci\u00f3n pertinente), antes de poner en marcha nuestro veh\u00edculo.<\/p>\n\n\n\n<p>HAY QUE CUMPLIR TANDO LA NORMATIVA MARCADA POR LA DGT COMO LA MUNICIPAL QUE DEPENDE DE  LA LOCALIDAD EL LA QUE EN ESE MOMENTO ESTEMOS CIRCULANDO.<\/p>\n\n\n\n<figure class=\"wp-block-image size-large\"><img loading=\"lazy\" decoding=\"async\" width=\"119\" height=\"60\" src=\"https:\/\/avmpburgos.ddns.net\/avmpburgos\/wp-content\/uploads\/2021\/01\/dgt.png\" alt=\"\" class=\"wp-image-504\"\/><figcaption class=\"wp-element-caption\"><a href=\"https:\/\/avmpburgos.ddns.net\/avmpburgos\/index.php\/normativa\/normativa-dgt\/\" data-type=\"page\" data-id=\"121\" target=\"_blank\" rel=\"noreferrer noopener\">NORMATIVA DGT<\/a><\/figcaption><\/figure>\n\n\n\n<p><\/p>\n\n\n\n<figure class=\"wp-block-gallery has-nested-images columns-1 is-cropped wp-block-gallery-1 is-layout-flex wp-block-gallery-is-layout-flex\">\n<figure class=\"wp-block-image size-large is-style-rounded\"><img loading=\"lazy\" decoding=\"async\" width=\"926\" height=\"1024\" data-id=\"1893\" src=\"https:\/\/avmpburgos.ddns.net\/avmpburgos\/wp-content\/uploads\/2026\/02\/nenero2026-926x1024.jpg\" alt=\"\" class=\"wp-image-1893\" srcset=\"https:\/\/avmpburgos.ddns.net\/avmpburgos\/wp-content\/uploads\/2026\/02\/nenero2026-926x1024.jpg 926w, https:\/\/avmpburgos.ddns.net\/avmpburgos\/wp-content\/uploads\/2026\/02\/nenero2026-271x300.jpg 271w, https:\/\/avmpburgos.ddns.net\/avmpburgos\/wp-content\/uploads\/2026\/02\/nenero2026-768x850.jpg 768w, https:\/\/avmpburgos.ddns.net\/avmpburgos\/wp-content\/uploads\/2026\/02\/nenero2026.jpg 1157w\" sizes=\"auto, (max-width: 926px) 100vw, 926px\" \/><figcaption class=\"wp-element-caption\"><a href=\"https:\/\/avmpburgos.ddns.net\/avmpburgos\/index.php\/normativa\/guia\" data-type=\"link\" data-id=\"https:\/\/avmpburgos.ddns.net\/avmpburgos\/index.php\/normativa\/guia\">VMP 2026<\/a><\/figcaption><\/figure>\n\n\n\n<figure class=\"wp-block-image size-large is-style-rounded\"><img loading=\"lazy\" decoding=\"async\" width=\"119\" height=\"60\" data-id=\"504\" src=\"https:\/\/avmpburgos.ddns.net\/avmpburgos\/wp-content\/uploads\/2021\/01\/dgt.png\" alt=\"\" class=\"wp-image-504\"\/><figcaption class=\"wp-element-caption\"><a href=\"https:\/\/avmpburgos.ddns.net\/avmpburgos\/index.php\/normativa\/normativa-dgt\/\" data-type=\"page\" data-id=\"121\">NORMATIVA DGT<\/a><\/figcaption><\/figure>\n\n\n\n<figure class=\"wp-block-image size-large is-style-rounded\"><img loading=\"lazy\" decoding=\"async\" width=\"151\" height=\"58\" data-id=\"514\" src=\"https:\/\/avmpburgos.ddns.net\/avmpburgos\/wp-content\/uploads\/2021\/01\/logotipo-amt-burgos.png\" alt=\"\" class=\"wp-image-514\"\/><figcaption class=\"wp-element-caption\"><a href=\"https:\/\/avmpburgos.ddns.net\/avmpburgos\/index.php\/normativa-ayumt-burgos\/\" data-type=\"page\" data-id=\"701\">NORMATIVA AYUMT.BURGOS<\/a><\/figcaption><\/figure>\n<\/figure>\n\n\n\n<figure class=\"wp-block-gallery has-nested-images columns-default is-cropped wp-block-gallery-2 is-layout-flex wp-block-gallery-is-layout-flex\">\n<figure class=\"wp-block-image size-large is-style-default\"><img loading=\"lazy\" decoding=\"async\" width=\"750\" height=\"503\" data-id=\"1580\" src=\"https:\/\/avmpburgos.ddns.net\/avmpburgos\/wp-content\/uploads\/2022\/02\/normativa-dgt-categoria-vmp-l1eb.jpg\" alt=\"\" class=\"wp-image-1580\" srcset=\"https:\/\/avmpburgos.ddns.net\/avmpburgos\/wp-content\/uploads\/2022\/02\/normativa-dgt-categoria-vmp-l1eb.jpg 750w, https:\/\/avmpburgos.ddns.net\/avmpburgos\/wp-content\/uploads\/2022\/02\/normativa-dgt-categoria-vmp-l1eb-300x201.jpg 300w\" sizes=\"auto, (max-width: 750px) 100vw, 750px\" \/><\/figure>\n<\/figure>\n\n\n\n<figure class=\"wp-block-gallery has-nested-images columns-default is-cropped wp-block-gallery-3 is-layout-flex wp-block-gallery-is-layout-flex\">\n<figure class=\"wp-block-image size-large\"><img loading=\"lazy\" decoding=\"async\" width=\"701\" height=\"1024\" data-id=\"1579\" src=\"https:\/\/avmpburgos.ddns.net\/avmpburgos\/wp-content\/uploads\/2022\/02\/reglamentacion-dgt-patinetes-electricos-701x1024-1.jpg\" alt=\"\" class=\"wp-image-1579\" srcset=\"https:\/\/avmpburgos.ddns.net\/avmpburgos\/wp-content\/uploads\/2022\/02\/reglamentacion-dgt-patinetes-electricos-701x1024-1.jpg 701w, https:\/\/avmpburgos.ddns.net\/avmpburgos\/wp-content\/uploads\/2022\/02\/reglamentacion-dgt-patinetes-electricos-701x1024-1-205x300.jpg 205w\" sizes=\"auto, (max-width: 701px) 100vw, 701px\" \/><\/figure>\n<\/figure>\n","protected":false},"excerpt":{"rendered":"<p>Aqu\u00ed se recoge lo que tenemos que cumplir (sino queremos ser sancionados por la administraci\u00f3n pertinente), antes de poner en marcha nuestro veh\u00edculo. HAY QUE CUMPLIR TANDO LA NORMATIVA MARCADA POR LA DGT COMO LA MUNICIPAL QUE DEPENDE DE LA LOCALIDAD EL LA QUE EN ESE MOMENTO ESTEMOS CIRCULANDO.<\/p>\n","protected":false},"author":1,"featured_media":0,"parent":0,"menu_order":0,"comment_status":"closed","ping_status":"closed","template":"","meta":{"footnotes":""},"class_list":["post-117","page","type-page","status-publish","hentry","entry"],"_links":{"self":[{"href":"https:\/\/avmpburgos.ddns.net\/avmpburgos\/index.php\/wp-json\/wp\/v2\/pages\/117","targetHints":{"allow":["GET"]}}],"collection":[{"href":"https:\/\/avmpburgos.ddns.net\/avmpburgos\/index.php\/wp-json\/wp\/v2\/pages"}],"about":[{"href":"https:\/\/avmpburgos.ddns.net\/avmpburgos\/index.php\/wp-json\/wp\/v2\/types\/page"}],"author":[{"embeddable":true,"href":"https:\/\/avmpburgos.ddns.net\/avmpburgos\/index.php\/wp-json\/wp\/v2\/users\/1"}],"replies":[{"embeddable":true,"href":"https:\/\/avmpburgos.ddns.net\/avmpburgos\/index.php\/wp-json\/wp\/v2\/comments?post=117"}],"version-history":[{"count":22,"href":"https:\/\/avmpburgos.ddns.net\/avmpburgos\/index.php\/wp-json\/wp\/v2\/pages\/117\/revisions"}],"predecessor-version":[{"id":1896,"href":"https:\/\/avmpburgos.ddns.net\/avmpburgos\/index.php\/wp-json\/wp\/v2\/pages\/117\/revisions\/1896"}],"wp:attachment":[{"href":"https:\/\/avmpburgos.ddns.net\/avmpburgos\/index.php\/wp-json\/wp\/v2\/media?parent=117"}],"curies":[{"name":"wp","href":"https:\/\/api.w.org\/{rel}","templated":true}]}}