{"id":121,"date":"2020-12-29T18:29:40","date_gmt":"2020-12-29T18:29:40","guid":{"rendered":"https:\/\/avmpburgos.ddns.net\/avmpburgos\/?page_id=121"},"modified":"2022-02-22T09:58:39","modified_gmt":"2022-02-22T09:58:39","slug":"normativa-dgt","status":"publish","type":"page","link":"https:\/\/avmpburgos.ddns.net\/avmpburgos\/index.php\/normativa\/normativa-dgt\/","title":{"rendered":"NORMATIVA DGT"},"content":{"rendered":"\n<p class=\"has-extra-large-font-size\"><strong><em>NORMATIVA DGT<\/em><\/strong><\/p>\n\n\n\n<figure class=\"wp-block-image size-large is-resized\"><a href=\"https:\/\/www.dgt.es\/comunicacion\/notas-de-prensa\/publicado-el-manual-de-caracteristicas-tecnicas-de-los-vehiculos-de-movilidad-personal\/\"><img loading=\"lazy\" decoding=\"async\" src=\"https:\/\/avmpburgos.ddns.net\/avmpburgos\/wp-content\/uploads\/2022\/02\/DGT_logo-_1_-1024x508.jpg\" alt=\"\" class=\"wp-image-1783\" width=\"745\" height=\"369\" srcset=\"https:\/\/avmpburgos.ddns.net\/avmpburgos\/wp-content\/uploads\/2022\/02\/DGT_logo-_1_-1024x508.jpg 1024w, https:\/\/avmpburgos.ddns.net\/avmpburgos\/wp-content\/uploads\/2022\/02\/DGT_logo-_1_-300x149.jpg 300w, https:\/\/avmpburgos.ddns.net\/avmpburgos\/wp-content\/uploads\/2022\/02\/DGT_logo-_1_-768x381.jpg 768w, https:\/\/avmpburgos.ddns.net\/avmpburgos\/wp-content\/uploads\/2022\/02\/DGT_logo-_1_-1536x762.jpg 1536w, https:\/\/avmpburgos.ddns.net\/avmpburgos\/wp-content\/uploads\/2022\/02\/DGT_logo-_1_.jpg 1562w\" sizes=\"auto, (max-width: 745px) 100vw, 745px\" \/><\/a><figcaption>DGT<\/figcaption><\/figure>\n\n\n\n<div style=\"height:201px\" aria-hidden=\"true\" class=\"wp-block-spacer\"><\/div>\n\n\n\n<p>INSTRUCCI\u00d3N 2019\/S-149 TV-108<\/p>\n\n\n\n<div class=\"wp-block-file\"><a id=\"wp-block-file--media-a1c1679e-6333-4e33-a07f-5b56b837749a\" href=\"https:\/\/avmpburgos.ddns.net\/avmpburgos\/wp-content\/uploads\/DGT_Intruccion-VMP-y-otros-vehiculos-ligeros.pdf\">DGT_Intruccion-VMP-y-otros-vehiculos-ligeros<\/a><a href=\"https:\/\/avmpburgos.ddns.net\/avmpburgos\/wp-content\/uploads\/DGT_Intruccion-VMP-y-otros-vehiculos-ligeros.pdf\" class=\"wp-block-file__button\" download aria-describedby=\"wp-block-file--media-a1c1679e-6333-4e33-a07f-5b56b837749a\">DESCARGAR<\/a><\/div>\n\n\n<p><a href=\"https:\/\/www.boe.es\/boe\/dias\/2022\/01\/21\/pdfs\/BOE-A-2022-987.pdf\">Resoluci\u00f3n de 12 de enero de 2022, de la Direcci\u00f3n General de Tr\u00e1fico, por la que se aprueba el Manual de caracter\u00edsticas de los veh\u00edculos de movilidad personal.<\/a><\/p>\n\n\n<p><\/p>\n","protected":false},"excerpt":{"rendered":"<p>NORMATIVA DGT INSTRUCCI\u00d3N 2019\/S-149 TV-108 Resoluci\u00f3n de 12 de enero de 2022, de la Direcci\u00f3n General de Tr\u00e1fico, por la que se aprueba el Manual de caracter\u00edsticas de los veh\u00edculos de movilidad personal.<\/p>\n","protected":false},"author":1,"featured_media":0,"parent":117,"menu_order":0,"comment_status":"closed","ping_status":"closed","template":"","meta":{"footnotes":""},"class_list":["post-121","page","type-page","status-publish","hentry","entry"],"_links":{"self":[{"href":"https:\/\/avmpburgos.ddns.net\/avmpburgos\/index.php\/wp-json\/wp\/v2\/pages\/121","targetHints":{"allow":["GET"]}}],"collection":[{"href":"https:\/\/avmpburgos.ddns.net\/avmpburgos\/index.php\/wp-json\/wp\/v2\/pages"}],"about":[{"href":"https:\/\/avmpburgos.ddns.net\/avmpburgos\/index.php\/wp-json\/wp\/v2\/types\/page"}],"author":[{"embeddable":true,"href":"https:\/\/avmpburgos.ddns.net\/avmpburgos\/index.php\/wp-json\/wp\/v2\/users\/1"}],"replies":[{"embeddable":true,"href":"https:\/\/avmpburgos.ddns.net\/avmpburgos\/index.php\/wp-json\/wp\/v2\/comments?post=121"}],"version-history":[{"count":18,"href":"https:\/\/avmpburgos.ddns.net\/avmpburgos\/index.php\/wp-json\/wp\/v2\/pages\/121\/revisions"}],"predecessor-version":[{"id":1787,"href":"https:\/\/avmpburgos.ddns.net\/avmpburgos\/index.php\/wp-json\/wp\/v2\/pages\/121\/revisions\/1787"}],"up":[{"embeddable":true,"href":"https:\/\/avmpburgos.ddns.net\/avmpburgos\/index.php\/wp-json\/wp\/v2\/pages\/117"}],"wp:attachment":[{"href":"https:\/\/avmpburgos.ddns.net\/avmpburgos\/index.php\/wp-json\/wp\/v2\/media?parent=121"}],"curies":[{"name":"wp","href":"https:\/\/api.w.org\/{rel}","templated":true}]}}